{"id":238,"date":"2024-03-16T09:37:04","date_gmt":"2024-03-16T12:37:04","guid":{"rendered":"https:\/\/villaaconcagua.cl\/2.0\/?page_id=238"},"modified":"2026-01-07T18:01:37","modified_gmt":"2026-01-07T21:01:37","slug":"circulares","status":"publish","type":"page","link":"https:\/\/villaaconcagua.cl\/2.0\/circulares\/","title":{"rendered":"Circulares"},"content":{"rendered":"<div class=\"wpb-content-wrapper\"><p>[vc_row][vc_column width=\u00bb1\/3&#8243;][vc_cta h2=\u00bbCircular N\u00b02\/2025&#8243; txt_align=\u00bbjustify\u00bb shape=\u00bbround\u00bb add_button=\u00bbbottom\u00bb btn_title=\u00bbLeer m\u00e1s&#8230;\u00bb add_icon=\u00bbtop\u00bb i_icon_fontawesome=\u00bbfa fa-book\u00bb i_color=\u00bbblack\u00bb i_on_border=\u00bbtrue\u00bb btn_link=\u00bburl:https%3A%2F%2Fvillaaconcagua.cl%2F2.0%2Fwp-content%2Fuploads%2F2025%2F06%2FCircular-2-2025.pdf|target:_blank\u00bb]<\/p>\n<p style=\"text-align: justify;\">ESTIMADOS APODERADOS<br \/>\nMe es grato dirigirme a ustedes al t\u00e9rmino del primer semestre de este a\u00f1o, junto con la Sra. Mar\u00eda Eugenia Cordero Vel\u00e1squez,<br \/>\npresidenta de la Corporaci\u00f3n Educacional Am\u00e9rica Latina, para entregar una s\u00edntesis de las acciones realizadas en este per\u00edodo.<\/p>\n<p>[\/vc_cta][vc_cta h2=\u00bbCircular N\u00b01\/2025&#8243; txt_align=\u00bbjustify\u00bb shape=\u00bbround\u00bb add_button=\u00bbbottom\u00bb btn_title=\u00bbLeer m\u00e1s&#8230;\u00bb add_icon=\u00bbtop\u00bb i_icon_fontawesome=\u00bbfa fa-book\u00bb i_color=\u00bbblack\u00bb i_on_border=\u00bbtrue\u00bb btn_link=\u00bburl:https%3A%2F%2Fvillaaconcagua.cl%2F2.0%2Fwp-content%2Fuploads%2F2025%2F03%2FCIRCULAR-1-2025.pdf|target:_blank\u00bb]<\/p>\n<p style=\"text-align: justify;\">ESTIMADOS APODERADOS<br \/>\nMe es grato dirigirme a ustedes al t\u00e9rmino del primer semestre de este a\u00f1o, junto con la Sra. Mar\u00eda Eugenia Cordero Vel\u00e1squez,<br \/>\npresidenta de la Corporaci\u00f3n Educacional Am\u00e9rica Latina, para entregar una s\u00edntesis de las acciones realizadas en este per\u00edodo.<\/p>\n<p>[\/vc_cta][vc_cta h2=\u00bbCircular N\u00b02\/2024&#8243; txt_align=\u00bbjustify\u00bb shape=\u00bbround\u00bb add_button=\u00bbbottom\u00bb btn_title=\u00bbLeer m\u00e1s&#8230;\u00bb add_icon=\u00bbtop\u00bb i_icon_fontawesome=\u00bbfa fa-book\u00bb i_color=\u00bbblack\u00bb i_on_border=\u00bbtrue\u00bb btn_link=\u00bburl:https%3A%2F%2Fvillaaconcagua.cl%2F2.0%2Fwp-content%2Fuploads%2F2024%2F06%2FCircular-2-2024.pdf|target:_blank\u00bb]<\/p>\n<p style=\"text-align: justify;\">ESTIMADOS APODERADOS<br \/>\nMe es grato dirigirme a ustedes al t\u00e9rmino del primer semestre de este a\u00f1o, junto con la Sra. Mar\u00eda Eugenia Cordero Vel\u00e1squez,<br \/>\npresidenta de la Corporaci\u00f3n Educacional Am\u00e9rica Latina, para entregar una s\u00edntesis de las acciones realizadas en este per\u00edodo.<\/p>\n<p>[\/vc_cta][vc_cta h2=\u00bbCircular N\u00b01\/2024&#8243; txt_align=\u00bbjustify\u00bb shape=\u00bbround\u00bb add_button=\u00bbbottom\u00bb btn_title=\u00bbLeer m\u00e1s&#8230;\u00bb add_icon=\u00bbtop\u00bb i_icon_fontawesome=\u00bbfab fa-accessible-icon\u00bb i_color=\u00bbblack\u00bb i_on_border=\u00bbtrue\u00bb btn_link=\u00bburl:https%3A%2F%2Fvillaaconcagua.cl%2F2.0%2Fwp-content%2Fuploads%2F2024%2F03%2FCIRCULAR-1-2024.pdf|target:_blank\u00bb]<\/p>\n<p style=\"text-align: justify;\">ESTIMADOS APODERADOS<br \/>\nLos saludamos cordialmente en nombre propio, de nuestra presidenta de la Corporaci\u00f3n Educacional Am\u00e9rica Latina, se\u00f1ora Mar\u00eda Eugenia Cordero Vel\u00e1squez, docentes y asistentes de la educaci\u00f3n. Para dar inicio al a\u00f1o escolar 2024, es importante dar a conocer nuestra organizaci\u00f3n y funcionamiento como establecimiento educacional.<\/p>\n<p>[\/vc_cta][vc_cta h2=\u00bbCircular N\u00b02\/2023&#8243; txt_align=\u00bbjustify\u00bb shape=\u00bbround\u00bb add_button=\u00bbbottom\u00bb btn_title=\u00bbLeer m\u00e1s&#8230;\u00bb add_icon=\u00bbtop\u00bb i_icon_fontawesome=\u00bbfa fa-book\u00bb i_color=\u00bbblack\u00bb i_on_border=\u00bbtrue\u00bb btn_link=\u00bburl:https%3A%2F%2Fvillaaconcagua.cl%2F2.0%2Fwp-content%2Fuploads%2F2024%2F03%2FCircular-2-2023.pdf|target:_blank\u00bb]<\/p>\n<p style=\"text-align: justify;\">ESTIMADOS APODERADOS<br \/>\nMe es grato dirigirme a ustedes al t\u00e9rmino del primersemestre de este a\u00f1o, junto con la Sra. Mar\u00eda Eugenia Cordero Vel\u00e1squez,<br \/>\npresidenta de la Corporaci\u00f3n Educacional Am\u00e9rica Latina, para entregar una s\u00edntesis de las acciones realizadas en este per\u00edodo.<\/p>\n<p>[\/vc_cta][vc_cta h2=\u00bbCircular N\u00b01\/2023&#8243; txt_align=\u00bbjustify\u00bb shape=\u00bbround\u00bb add_button=\u00bbbottom\u00bb btn_title=\u00bbLeer m\u00e1s&#8230;\u00bb add_icon=\u00bbtop\u00bb i_icon_fontawesome=\u00bbfa fa-book\u00bb i_color=\u00bbblack\u00bb i_on_border=\u00bbtrue\u00bb btn_link=\u00bburl:https%3A%2F%2Fvillaaconcagua.cl%2F2.0%2Fwp-content%2Fuploads%2F2024%2F03%2FCircular-1-2023.pdf|target:_blank\u00bb]<\/p>\n<p style=\"text-align: justify;\">ESTIMADOS APODERADOS Los saludamos cordialmente en nombre propio, de nuestra presidenta de la Corporaci\u00f3n Educacional Am\u00e9rica Latina, se\u00f1ora Mar\u00eda Eugenia Cordero Vel\u00e1squez, docentes y asistentes de la educaci\u00f3n. Para dar inicio al a\u00f1o escolar 2023, es importante dar a conocer nuestra organizaci\u00f3n y funcionamiento como establecimiento educacional.<\/p>\n<p>[\/vc_cta][vc_cta h2=\u00bbCircular N\u00b02\/2022&#8243; txt_align=\u00bbjustify\u00bb shape=\u00bbround\u00bb add_button=\u00bbbottom\u00bb btn_title=\u00bbLeer m\u00e1s&#8230;\u00bb add_icon=\u00bbtop\u00bb i_icon_fontawesome=\u00bbfa fa-book\u00bb i_color=\u00bbblack\u00bb i_on_border=\u00bbtrue\u00bb btn_link=\u00bburl:https%3A%2F%2Fvillaaconcagua.cl%2F2.0%2Fwp-content%2Fuploads%2F2024%2F03%2FCircular-2-2022.pdf|target:_blank\u00bb]<\/p>\n<p style=\"text-align: justify;\">SR. APODERADO:<\/p>\n<p>Me es grato dirigirme a ustedes al t\u00e9rmino del primer semestre de este a\u00f1o, junto con la Sra. Mar\u00eda Eugenia Cordero Vel\u00e1squez, presidenta de la Corporaci\u00f3n Educacional Am\u00e9rica Latina, para entregar una s\u00edntesis de las acciones realizadas en este per\u00edodo.[\/vc_cta][vc_cta h2=\u00bbCircular N\u00b01\/2022&#8243; txt_align=\u00bbjustify\u00bb shape=\u00bbround\u00bb add_button=\u00bbbottom\u00bb btn_title=\u00bbLeer m\u00e1s&#8230;\u00bb add_icon=\u00bbtop\u00bb i_icon_fontawesome=\u00bbfa fa-book\u00bb i_color=\u00bbblack\u00bb i_on_border=\u00bbtrue\u00bb btn_link=\u00bburl:https%3A%2F%2Fvillaaconcagua.cl%2F2.0%2Fwp-content%2Fuploads%2F2024%2F03%2FCircular-1-2022.pdf|target:_blank\u00bb]<\/p>\n<p style=\"text-align: justify;\">SR. APODERADO:<\/p>\n<p>Los saludamos cordialmente en nombre propio, de nuestra presidenta de la Corporaci\u00f3n Educacional Am\u00e9rica Latina, se\u00f1ora Mar\u00eda Eugenia Cordero Vel\u00e1squez,[\/vc_cta][\/vc_column][vc_column width=\u00bb1\/3&#8243;][vc_cta h2=\u00bbCircular Beneficios TP\u00bb txt_align=\u00bbjustify\u00bb shape=\u00bbround\u00bb add_button=\u00bbbottom\u00bb btn_title=\u00bbLeer m\u00e1s&#8230;\u00bb add_icon=\u00bbtop\u00bb i_icon_fontawesome=\u00bbfa fa-book\u00bb i_color=\u00bbblack\u00bb i_on_border=\u00bbtrue\u00bb btn_link=\u00bburl:https%3A%2F%2Fvillaaconcagua.cl%2F2.0%2Fwp-content%2Fuploads%2F2024%2F03%2FCircular-Beneficios-TP.pdf|target:_blank\u00bb]Estimados Estudiantes:<\/p>\n<p>Considerando que la realizaci\u00f3n de la pr\u00e1ctica profesional es la \u00faltima etapa que deben realizar para recibir el t\u00edtulo t\u00e9cnico, cabe se\u00f1alar la variedad de beneficios que esta conlleva para su formaci\u00f3n.[\/vc_cta][\/vc_column][vc_column width=\u00bb1\/3&#8243;][vc_cta h2=\u00bbInforme de Gesti\u00f3n \/2025&#8243; txt_align=\u00bbjustify\u00bb shape=\u00bbround\u00bb add_button=\u00bbbottom\u00bb btn_title=\u00bbLeer m\u00e1s&#8230;\u00bb add_icon=\u00bbtop\u00bb i_icon_fontawesome=\u00bbfa fa-book\u00bb i_color=\u00bbblack\u00bb i_on_border=\u00bbtrue\u00bb btn_link=\u00bburl:https%3A%2F%2Fvillaaconcagua.cl%2F2.0%2Fwp-content%2Fuploads%2F2026%2F01%2FInforme-de-Gestio%25CC%2581n-2025-1.pdf|target:_blank\u00bb]ESTIMADOS APODERADOS<\/p>\n<p>Me resulta muy grato dirigirme a ustedes al finalizar este a\u00f1o acad\u00e9mico, brind\u00e1ndoles un saludo cordial junto con la Sra. Mar\u00eda Eugenia Cordero Vel\u00e1squez, presidenta de la Corporaci\u00f3n Educacional Am\u00e9rica Latina, para entregar una s\u00edntesis de las acciones realizadas en este per\u00edodo.[\/vc_cta][vc_cta h2=\u00bbInforme de Gesti\u00f3n \/2023&#8243; txt_align=\u00bbjustify\u00bb shape=\u00bbround\u00bb add_button=\u00bbbottom\u00bb btn_title=\u00bbLeer m\u00e1s&#8230;\u00bb add_icon=\u00bbtop\u00bb i_icon_fontawesome=\u00bbfa fa-book\u00bb i_color=\u00bbblack\u00bb i_on_border=\u00bbtrue\u00bb btn_link=\u00bburl:https%3A%2F%2Fvillaaconcagua.cl%2F2.0%2Fwp-content%2Fuploads%2F2024%2F03%2FInforme-de-Gestion-2023.pdf|target:_blank\u00bb]ESTIMADOS APODERADOS<\/p>\n<p>Me resulta muy grato dirigirme a ustedes al finalizar este a\u00f1o acad\u00e9mico, brind\u00e1ndoles un saludo cordial junto con la Sra. Mar\u00eda Eugenia Cordero Vel\u00e1squez, presidenta de la Corporaci\u00f3n Educacional Am\u00e9rica Latina, para entregar una s\u00edntesis de las acciones realizadas en este per\u00edodo.[\/vc_cta][vc_cta h2=\u00bbInforme de Gesti\u00f3n \/2022&#8243; txt_align=\u00bbjustify\u00bb shape=\u00bbround\u00bb add_button=\u00bbbottom\u00bb btn_title=\u00bbLeer m\u00e1s&#8230;\u00bb add_icon=\u00bbtop\u00bb i_icon_fontawesome=\u00bbfa fa-book\u00bb i_color=\u00bbblack\u00bb i_on_border=\u00bbtrue\u00bb btn_link=\u00bburl:https%3A%2F%2Fvillaaconcagua.cl%2F2.0%2Fwp-content%2Fuploads%2F2024%2F03%2FInforme-de-Gestion-2022.pdf|target:_blank\u00bb]ESTIMADOS APODERADOS<\/p>\n<p>Me resulta muy grato dirigirme a ustedes al finalizar este a\u00f1o acad\u00e9mico, brind\u00e1ndoles un saludo cordial junto con la Sra. Mar\u00eda Eugenia Cordero Vel\u00e1squez, presidenta de la Corporaci\u00f3n Educacional Am\u00e9rica Latina, para entregar una s\u00edntesis de las acciones realizadas en este per\u00edodo.[\/vc_cta][vc_cta h2=\u00bbInforme de Gesti\u00f3n \/2021&#8243; txt_align=\u00bbjustify\u00bb shape=\u00bbround\u00bb add_button=\u00bbbottom\u00bb btn_title=\u00bbLeer m\u00e1s&#8230;\u00bb add_icon=\u00bbtop\u00bb i_icon_fontawesome=\u00bbfa fa-book\u00bb i_color=\u00bbblack\u00bb i_on_border=\u00bbtrue\u00bb btn_link=\u00bburl:https%3A%2F%2Fvillaaconcagua.cl%2F2.0%2Fwp-content%2Fuploads%2F2024%2F03%2FInforme-de-Gestion-2021.pdf|target:_blank\u00bb]ESTIMADOS APODERADOS<\/p>\n<p style=\"text-align: justify;\">\u00a0\u00a0\u00a0\u00a0\u00a0\u00a0\u00a0\u00a0\u00a0\u00a0\u00a0\u00a0\u00a0\u00a0\u00a0\u00a0\u00a0\u00a0\u00a0\u00a0\u00a0\u00a0 Me resulta muy grato dirigirme a ustedes al finalizar este a\u00f1o acad\u00e9mico, brindandoles un saludo cordial junto con la\u00a0 Sra. Mar\u00eda Eugenia Cordero Vel\u00e1squez, presidenta de la Corporaci\u00f3n Educacional Am\u00e9rica Latina,<\/p>\n<p>[\/vc_cta][\/vc_column][\/vc_row]<\/p>\n<\/div>","protected":false},"excerpt":{"rendered":"<p>[vc_row][vc_column width=\u00bb1\/3&#8243;][vc_cta h2=\u00bbCircular N\u00b02\/2025&#8243; txt_align=\u00bbjustify\u00bb shape=\u00bbround\u00bb add_button=\u00bbbottom\u00bb btn_title=\u00bbLeer m\u00e1s&#8230;\u00bb add_icon=\u00bbtop\u00bb i_icon_fontawesome=\u00bbfa fa-book\u00bb i_color=\u00bbblack\u00bb i_on_border=\u00bbtrue\u00bb btn_link=\u00bburl:https%3A%2F%2Fvillaaconcagua.cl%2F2.0%2Fwp-content%2Fuploads%2F2025%2F06%2FCircular-2-2025.pdf|target:_blank\u00bb] ESTIMADOS APODERADOS Me es grato dirigirme a ustedes al t\u00e9rmino del primer semestre de este a\u00f1o, junto con la Sra. Mar\u00eda Eugenia Cordero Vel\u00e1squez, presidenta de la Corporaci\u00f3n Educacional Am\u00e9rica Latina, para entregar una s\u00edntesis de las acciones realizadas en [&hellip;]<\/p>\n","protected":false},"author":1,"featured_media":0,"parent":0,"menu_order":0,"comment_status":"closed","ping_status":"closed","template":"","meta":{"om_disable_all_campaigns":false,"_monsterinsights_skip_tracking":false,"_monsterinsights_sitenote_active":false,"_monsterinsights_sitenote_note":"","_monsterinsights_sitenote_category":0,"_uf_show_specific_survey":0,"_uf_disable_surveys":false,"jetpack_post_was_ever_published":false,"footnotes":""},"class_list":["post-238","page","type-page","status-publish","hentry"],"aioseo_notices":[],"jetpack_sharing_enabled":true,"jetpack-related-posts":[],"_links":{"self":[{"href":"https:\/\/villaaconcagua.cl\/2.0\/wp-json\/wp\/v2\/pages\/238","targetHints":{"allow":["GET"]}}],"collection":[{"href":"https:\/\/villaaconcagua.cl\/2.0\/wp-json\/wp\/v2\/pages"}],"about":[{"href":"https:\/\/villaaconcagua.cl\/2.0\/wp-json\/wp\/v2\/types\/page"}],"author":[{"embeddable":true,"href":"https:\/\/villaaconcagua.cl\/2.0\/wp-json\/wp\/v2\/users\/1"}],"replies":[{"embeddable":true,"href":"https:\/\/villaaconcagua.cl\/2.0\/wp-json\/wp\/v2\/comments?post=238"}],"version-history":[{"count":19,"href":"https:\/\/villaaconcagua.cl\/2.0\/wp-json\/wp\/v2\/pages\/238\/revisions"}],"predecessor-version":[{"id":839,"href":"https:\/\/villaaconcagua.cl\/2.0\/wp-json\/wp\/v2\/pages\/238\/revisions\/839"}],"wp:attachment":[{"href":"https:\/\/villaaconcagua.cl\/2.0\/wp-json\/wp\/v2\/media?parent=238"}],"curies":[{"name":"wp","href":"https:\/\/api.w.org\/{rel}","templated":true}]}}