{"id":275,"date":"2024-03-17T12:44:35","date_gmt":"2024-03-17T15:44:35","guid":{"rendered":"https:\/\/villaaconcagua.cl\/2.0\/?page_id=275"},"modified":"2026-03-25T16:14:44","modified_gmt":"2026-03-25T19:14:44","slug":"reglamentos-2","status":"publish","type":"page","link":"https:\/\/villaaconcagua.cl\/2.0\/reglamentos-2\/","title":{"rendered":"Reglamentos"},"content":{"rendered":"<div class=\"wpb-content-wrapper\"><p>[vc_row full_width=\u00bbstretch_row_content\u00bb css=\u00bb.vc_custom_1508290089136{margin-top: -30px !important;}\u00bb][vc_column][vc_column_text]<img fetchpriority=\"high\" decoding=\"async\" class=\"aligncenter wp-image-1199 size-full\" src=\"https:\/\/i0.wp.com\/villaaconcagua.cl\/2.0\/wp-content\/uploads\/2024\/03\/reglamentos_head.png?resize=696%2C180&#038;ssl=1\" alt=\"\" width=\"696\" height=\"180\" data-recalc-dims=\"1\" \/>[\/vc_column_text][\/vc_column][\/vc_row][vc_row][vc_column width=\u00bb1\/3&#8243;][vc_cta h2=\u00bbPlan Interno de Seguridad\u00bb txt_align=\u00bbcenter\u00bb add_button=\u00bbbottom\u00bb btn_title=\u00bbLeer m\u00e1s&#8230;\u00bb add_icon=\u00bbtop\u00bb i_icon_fontawesome=\u00bbfa fa-book\u00bb i_color=\u00bbblack\u00bb btn_link=\u00bburl:https%3A%2F%2Fvillaaconcagua.cl%2F2.0%2Fwp-content%2Fuploads%2F2026%2F03%2FPLAN-INTERNO-DE-SEGURIDAD-ESCOLAR-2026.pdf|target:_blank\u00bb]La educaci\u00f3n referente a la prevenci\u00f3n de accidentes escolares, es la fase del proceso educativo, a trav\u00e9s de la cual se transmite al estudiante\/a, informaci\u00f3n concreta y veraz, destinada a modificar constructivamente los conocimientos relacionados con las pr\u00e1cticas, que eliminan los accidentes.[\/vc_cta][vc_cta h2=\u00bbReglamento de Evaluaci\u00f3n\u00bb txt_align=\u00bbcenter\u00bb add_button=\u00bbbottom\u00bb btn_title=\u00bbLeer m\u00e1s&#8230;\u00bb add_icon=\u00bbtop\u00bb i_icon_fontawesome=\u00bbfa fa-book\u00bb i_color=\u00bbblack\u00bb btn_link=\u00bburl:https%3A%2F%2Fvillaaconcagua.cl%2F2.0%2Fwp-content%2Fuploads%2F2025%2F06%2FREGLAMENTO-DE-EVALUACION-2025.pdf|target:_blank\u00bb]El presente Reglamento Interno de Evaluaci\u00f3n, Calificaci\u00f3n y Promoci\u00f3n Escolar de los alumnos del Colegio Villa Aconcagua, se formula de acuerdo a normas promulgadas por el Ministerio de Educaci\u00f3n contenidas en el decreto 67 de 2018.[\/vc_cta][\/vc_column][vc_column width=\u00bb1\/3&#8243;][vc_cta h2=\u00bbProtocolo Funcionamiento de Enfermer\u00eda\u00bb txt_align=\u00bbcenter\u00bb add_button=\u00bbbottom\u00bb btn_title=\u00bbLeer m\u00e1s&#8230;\u00bb add_icon=\u00bbtop\u00bb i_icon_fontawesome=\u00bbfas fa-ambulance\u00bb i_color=\u00bbblack\u00bb btn_link=\u00bburl:https%3A%2F%2Fvillaaconcagua.cl%2F2.0%2Fwp-content%2Fuploads%2F2025%2F07%2FPROTOCOLO-DE-ENFERMERIA.pdf|target:_blank|rel:nofollow\u00bb]Definir acciones a realizar por T\u00e9cnico de Nivel Superior de Enfermer\u00eda en el establecimiento en base a una situaci\u00f3n de accidente escolar o problema de salud.[\/vc_cta][vc_cta h2=\u00bbReglamento de Convivencia Escolar\u00bb txt_align=\u00bbcenter\u00bb add_button=\u00bbbottom\u00bb btn_title=\u00bbLeer m\u00e1s&#8230;\u00bb add_icon=\u00bbtop\u00bb i_icon_fontawesome=\u00bbfas fa-coffee\u00bb i_color=\u00bbblack\u00bb btn_link=\u00bburl:https%3A%2F%2Fvillaaconcagua.cl%2F2.0%2Fwp-content%2Fuploads%2F2026%2F03%2FReglamento-de-Convivencia-Escolar-2026-1.pdf|target:_blank|rel:nofollow\u00bb]El reglamento de disciplina y de convivencia escolar del Colegio Villa Aconcagua, surge como una necesidad de salvaguardar los valores del Proyecto Educativo, en una concepci\u00f3n&#8230;[\/vc_cta][vc_cta h2=\u00bbProyecto Educativo Institucional\u00bb txt_align=\u00bbcenter\u00bb add_button=\u00bbbottom\u00bb btn_title=\u00bbLeer m\u00e1s&#8230;\u00bb add_icon=\u00bbtop\u00bb i_icon_fontawesome=\u00bbfas fa-book\u00bb i_color=\u00bbblack\u00bb btn_link=\u00bburl:https%3A%2F%2Fvillaaconcagua.cl%2F2.0%2Fwp-content%2Fuploads%2F2026%2F03%2FProyectoEducativo14605.pdf|target:_blank\u00bb]El Colegio Villa Aconcagua est\u00e1 ubicado en la V Regi\u00f3n de Valparaiso e Isla de Pascua en calle R\u00edo Limar\u00ed N\u00ba 335, comunade Conc\u00f3n, fono 3188433 Correo electr\u00f3nico contacto@villaaconcagua.cl[\/vc_cta][\/vc_column][vc_column width=\u00bb1\/3&#8243;][vc_cta h2=\u00bbProtocolo Accidente Escolares\u00bb txt_align=\u00bbcenter\u00bb add_button=\u00bbbottom\u00bb btn_title=\u00bbLeer m\u00e1s&#8230;\u00bb add_icon=\u00bbtop\u00bb i_icon_fontawesome=\u00bbfa fa-book\u00bb i_color=\u00bbblack\u00bb btn_link=\u00bburl:https%3A%2F%2Fvillaaconcagua.cl%2F2.0%2Fwp-content%2Fuploads%2F2025%2F07%2FPROTOCOLO-DE-ACCIDENTES-ESCOLARES.pdf|target:_blank\u00bb]En 12 de mayo de 1972 el Estado de Chile, mediante el Decreto Supremo N\u00ba 313, estableci\u00f3 que todos los estudiantes del pa\u00eds tienen derecho a un seguro de accidentes[\/vc_cta][vc_cta h2=\u00bbReglamento de Pr\u00e1ctica y Titulaci\u00f3n\u00bb txt_align=\u00bbcenter\u00bb add_button=\u00bbbottom\u00bb btn_title=\u00bbLeer m\u00e1s&#8230;\u00bb add_icon=\u00bbtop\u00bb i_icon_fontawesome=\u00bbfa fa-book\u00bb i_color=\u00bbblack\u00bb btn_link=\u00bburl:https%3A%2F%2Fvillaaconcagua.cl%2F2.0%2Fwp-content%2Fuploads%2F2026%2F03%2FREGLAMENTO-TITULACION-Y-PRACTICA-TP-ACTUALIZADO-26.pdf|target:_blank\u00bb]El presente Reglamento, que establece las normas obligatorias para el proceso de titulaci\u00f3n de T\u00e9cnicos de Nivel Medio en Contabilidad, el cual ha sido elaborado&#8230;[\/vc_cta][\/vc_column][\/vc_row]<\/p>\n<\/div>","protected":false},"excerpt":{"rendered":"<p>[vc_row full_width=\u00bbstretch_row_content\u00bb css=\u00bb.vc_custom_1508290089136{margin-top: -30px !important;}\u00bb][vc_column][vc_column_text][\/vc_column_text][\/vc_column][\/vc_row][vc_row][vc_column width=\u00bb1\/3&#8243;][vc_cta h2=\u00bbPlan Interno de Seguridad\u00bb txt_align=\u00bbcenter\u00bb add_button=\u00bbbottom\u00bb btn_title=\u00bbLeer m\u00e1s&#8230;\u00bb add_icon=\u00bbtop\u00bb i_icon_fontawesome=\u00bbfa fa-book\u00bb i_color=\u00bbblack\u00bb btn_link=\u00bburl:https%3A%2F%2Fvillaaconcagua.cl%2F2.0%2Fwp-content%2Fuploads%2F2026%2F03%2FPLAN-INTERNO-DE-SEGURIDAD-ESCOLAR-2026.pdf|target:_blank\u00bb]La educaci\u00f3n referente a la prevenci\u00f3n de accidentes escolares, es la fase del proceso educativo, a trav\u00e9s de la cual se transmite al estudiante\/a, informaci\u00f3n concreta y veraz, destinada a modificar constructivamente los conocimientos relacionados con las [&hellip;]<\/p>\n","protected":false},"author":1,"featured_media":0,"parent":0,"menu_order":0,"comment_status":"closed","ping_status":"closed","template":"","meta":{"om_disable_all_campaigns":false,"_monsterinsights_skip_tracking":false,"_monsterinsights_sitenote_active":false,"_monsterinsights_sitenote_note":"","_monsterinsights_sitenote_category":0,"_uf_show_specific_survey":0,"_uf_disable_surveys":false,"jetpack_post_was_ever_published":false,"footnotes":""},"class_list":["post-275","page","type-page","status-publish","hentry"],"aioseo_notices":[],"jetpack_sharing_enabled":true,"jetpack-related-posts":[],"_links":{"self":[{"href":"https:\/\/villaaconcagua.cl\/2.0\/wp-json\/wp\/v2\/pages\/275","targetHints":{"allow":["GET"]}}],"collection":[{"href":"https:\/\/villaaconcagua.cl\/2.0\/wp-json\/wp\/v2\/pages"}],"about":[{"href":"https:\/\/villaaconcagua.cl\/2.0\/wp-json\/wp\/v2\/types\/page"}],"author":[{"embeddable":true,"href":"https:\/\/villaaconcagua.cl\/2.0\/wp-json\/wp\/v2\/users\/1"}],"replies":[{"embeddable":true,"href":"https:\/\/villaaconcagua.cl\/2.0\/wp-json\/wp\/v2\/comments?post=275"}],"version-history":[{"count":23,"href":"https:\/\/villaaconcagua.cl\/2.0\/wp-json\/wp\/v2\/pages\/275\/revisions"}],"predecessor-version":[{"id":665,"href":"https:\/\/villaaconcagua.cl\/2.0\/wp-json\/wp\/v2\/pages\/275\/revisions\/665"}],"wp:attachment":[{"href":"https:\/\/villaaconcagua.cl\/2.0\/wp-json\/wp\/v2\/media?parent=275"}],"curies":[{"name":"wp","href":"https:\/\/api.w.org\/{rel}","templated":true}]}}