{"id":290,"date":"2024-03-17T13:18:21","date_gmt":"2024-03-17T16:18:21","guid":{"rendered":"https:\/\/villaaconcagua.cl\/2.0\/?page_id=290"},"modified":"2024-03-17T13:39:59","modified_gmt":"2024-03-17T16:39:59","slug":"niveles","status":"publish","type":"page","link":"https:\/\/villaaconcagua.cl\/2.0\/niveles\/","title":{"rendered":"Niveles"},"content":{"rendered":"<div class=\"wpb-content-wrapper\"><p>[vc_row css=\u00bb.vc_custom_1510969653632{margin-bottom: 35px !important;}\u00bb][vc_column width=\u00bb2\/3&#8243;]<div class=\"td_block_wrap td_block_text_with_title td_uid_1_69dac68d959fa_rand td-pb-border-top td_block_template_1\"  data-td-block-uid=\"td_uid_1_69dac68d959fa\" >\n<style>\nbody .td_uid_1_69dac68d959fa_rand .td_module_wrap:hover .entry-title a,\r\n            body .td_uid_1_69dac68d959fa_rand .td-pulldown-filter-link:hover,\r\n            body .td_uid_1_69dac68d959fa_rand .td-subcat-item a:hover,\r\n            body .td_uid_1_69dac68d959fa_rand .td-subcat-item .td-cur-simple-item,\r\n            body .td_uid_1_69dac68d959fa_rand .td_quote_on_blocks,\r\n            body .td_uid_1_69dac68d959fa_rand .td-opacity-cat .td-post-category:hover,\r\n            body .td_uid_1_69dac68d959fa_rand .td-opacity-read .td-read-more a:hover,\r\n            body .td_uid_1_69dac68d959fa_rand .td-opacity-author .td-post-author-name a:hover,\r\n            body .td_uid_1_69dac68d959fa_rand .td-instagram-user a {\r\n                color: #1975bb;\r\n            }\r\n\r\n            body .td_uid_1_69dac68d959fa_rand .td-next-prev-wrap a:hover,\r\n            body .td_uid_1_69dac68d959fa_rand .td-load-more-wrap a:hover {\r\n                background-color: #1975bb;\r\n                border-color: #1975bb;\r\n            }\r\n\r\n            body .td_uid_1_69dac68d959fa_rand .block-title > *,\r\n            body .td_uid_1_69dac68d959fa_rand .td-trending-now-title,\r\n            body .td_uid_1_69dac68d959fa_rand .td-read-more a,\r\n            body .td_uid_1_69dac68d959fa_rand .td-weather-information:before,\r\n            body .td_uid_1_69dac68d959fa_rand .td-weather-week:before,\r\n            body .td_uid_1_69dac68d959fa_rand .td-subcat-dropdown:hover .td-subcat-more,\r\n            body .td_uid_1_69dac68d959fa_rand .td-exchange-header:before,\r\n            body .td-footer-wrapper .td_uid_1_69dac68d959fa_rand .td-post-category,\r\n            body .td_uid_1_69dac68d959fa_rand .td-post-category:hover {\r\n                background-color: #1975bb;\r\n            }\r\n            body .td-footer-wrapper .td_uid_1_69dac68d959fa_rand .block-title > * {\r\n                padding: 6px 7px 5px;\r\n                line-height: 1;\r\n            }\r\n\r\n            body .td_uid_1_69dac68d959fa_rand .block-title {\r\n                border-color: #1975bb;\r\n            }\n<\/style><div class=\"td-block-title-wrap\"><h4 class=\"block-title\"><span class=\"td-pulldown-size\">ESCUELA DE LENGUAJE<\/span><\/h4><\/div><div class=\"td_mod_wrap\"><p style=\"text-align: justify;\">Nuestra escuela fue fundada en el a\u00f1o 2001, atiende ni\u00f1os que presentan Trastornos Espec\u00edficos del Lenguaje, con edades que fluct\u00faan entre los tres y cinco a\u00f1os, realizando un diagn\u00f3stico gratuito y tratamiento especializado&#8230;<\/p>\n<\/div><\/div>[\/vc_column][vc_column width=\u00bb1\/3&#8243; css=\u00bb.vc_custom_1510969921503{margin-top: 35px !important;}\u00bb][vc_btn title=\u00bbLeer m\u00e1s&#8230;\u00bb style=\u00bb3d\u00bb align=\u00bbleft\u00bb i_align=\u00bbright\u00bb i_icon_fontawesome=\u00bb\u00bb css_animation=\u00bbfadeInLeft\u00bb add_icon=\u00bbtrue\u00bb link=\u00bburl:https%3A%2F%2Fvillaaconcagua.cl%2F2.0%2Fescuela-de-lenguaje%2F\u00bb][\/vc_column][\/vc_row]<\/p>\n<\/div>","protected":false},"excerpt":{"rendered":"<p>[vc_row css=\u00bb.vc_custom_1510969653632{margin-bottom: 35px !important;}\u00bb][vc_column width=\u00bb2\/3&#8243;][\/vc_column][vc_column width=\u00bb1\/3&#8243; css=\u00bb.vc_custom_1510969921503{margin-top: 35px !important;}\u00bb][vc_btn title=\u00bbLeer m\u00e1s&#8230;\u00bb style=\u00bb3d\u00bb align=\u00bbleft\u00bb i_align=\u00bbright\u00bb i_icon_fontawesome=\u00bb\u00bb css_animation=\u00bbfadeInLeft\u00bb add_icon=\u00bbtrue\u00bb link=\u00bburl:https%3A%2F%2Fvillaaconcagua.cl%2F2.0%2Fescuela-de-lenguaje%2F\u00bb][\/vc_column][\/vc_row]<\/p>\n","protected":false},"author":1,"featured_media":0,"parent":0,"menu_order":0,"comment_status":"closed","ping_status":"closed","template":"","meta":{"om_disable_all_campaigns":false,"_monsterinsights_skip_tracking":false,"_monsterinsights_sitenote_active":false,"_monsterinsights_sitenote_note":"","_monsterinsights_sitenote_category":0,"_uf_show_specific_survey":0,"_uf_disable_surveys":false,"jetpack_post_was_ever_published":false,"footnotes":""},"class_list":["post-290","page","type-page","status-publish","hentry"],"aioseo_notices":[],"jetpack_sharing_enabled":true,"jetpack-related-posts":[],"_links":{"self":[{"href":"https:\/\/villaaconcagua.cl\/2.0\/wp-json\/wp\/v2\/pages\/290","targetHints":{"allow":["GET"]}}],"collection":[{"href":"https:\/\/villaaconcagua.cl\/2.0\/wp-json\/wp\/v2\/pages"}],"about":[{"href":"https:\/\/villaaconcagua.cl\/2.0\/wp-json\/wp\/v2\/types\/page"}],"author":[{"embeddable":true,"href":"https:\/\/villaaconcagua.cl\/2.0\/wp-json\/wp\/v2\/users\/1"}],"replies":[{"embeddable":true,"href":"https:\/\/villaaconcagua.cl\/2.0\/wp-json\/wp\/v2\/comments?post=290"}],"version-history":[{"count":5,"href":"https:\/\/villaaconcagua.cl\/2.0\/wp-json\/wp\/v2\/pages\/290\/revisions"}],"predecessor-version":[{"id":307,"href":"https:\/\/villaaconcagua.cl\/2.0\/wp-json\/wp\/v2\/pages\/290\/revisions\/307"}],"wp:attachment":[{"href":"https:\/\/villaaconcagua.cl\/2.0\/wp-json\/wp\/v2\/media?parent=290"}],"curies":[{"name":"wp","href":"https:\/\/api.w.org\/{rel}","templated":true}]}}