{"id":63,"date":"2024-03-13T20:44:26","date_gmt":"2024-03-13T23:44:26","guid":{"rendered":"https:\/\/villaaconcagua.cl\/villaaconcagua\/?page_id=63"},"modified":"2024-03-18T22:06:56","modified_gmt":"2024-03-19T01:06:56","slug":"proyecto-educativo","status":"publish","type":"page","link":"https:\/\/villaaconcagua.cl\/2.0\/proyecto-educativo\/","title":{"rendered":"Proyecto Educativo"},"content":{"rendered":"<div class=\"wpb-content-wrapper\"><p>[vc_row full_width=\u00bbstretch_row_content\u00bb css=\u00bb.vc_custom_1511046268611{margin-top: -30px !important;}\u00bb][vc_column][vc_column_text]<img fetchpriority=\"high\" decoding=\"async\" class=\"aligncenter wp-image-1769 size-full\" src=\"https:\/\/i0.wp.com\/villaaconcagua.cl\/2.0\/wp-content\/uploads\/2024\/03\/proyectoeducativo_001.jpg?resize=696%2C180&#038;ssl=1\" alt=\"\" width=\"696\" height=\"180\" data-recalc-dims=\"1\" \/>[\/vc_column_text][\/vc_column][\/vc_row][vc_row][vc_column][vc_column_text]<\/p>\n<p style=\"text-align: center;\"><a href=\"https:\/\/villaaconcagua.cl\/2.0\/wp-content\/uploads\/2024\/03\/PEI-2021.pdf\"><strong>Proyecto Educativo Institucional<\/strong><\/a><br \/>\n<strong>(Extracto )<\/strong><\/p>\n<h4 style=\"text-align: left;\">Nuestra Propuesta Educativa es ofrecer un enfoque educativo socio cognitivo que relaciona los planes y programas de estudio gubernamentales con la realidad sociocultural en la que se encuentran inmersos los alumnos, con el fin que sean agentes activos y efectivos dentro de su comuna.<br \/>\nEn este contexto, la visi\u00f3n del Colegio Villa Aconcagua es la de una instituci\u00f3n educacional que busca ser una entidad reconocida a nivel regional por su apertura a la comunidad y la entrega de posibilidades a todos quienes deseen ser parte del establecimiento, otorgando las herramientas necesarias para formar seres cr\u00edticos que se inserten de manera efectiva en la sociedad.<br \/>\nLo que se ve representado en su misi\u00f3n, que define al Colegio Villa Aconcagua como una instituci\u00f3n educativa que forma a sus alumnos de manera integral, apoyando el proceso de aprendizaje en las teor\u00edas pedag\u00f3gicas vigentes y emergentes, que permiten integrar a la comunidad, personas capaces de desenvolverse de manera efectiva aportando su acci\u00f3n en beneficio de la sociedad; destacando por sus habilidades, capacidades y valores.<\/h4>\n<h4 style=\"text-align: left;\"><strong>\u00a0Objetivo General<\/strong><br \/>\nImpartir una educaci\u00f3n integradora, que atienda desde ni\u00f1os que presenten Trastornos Primarios y Secundarios de la Comunicaci\u00f3n, hasta j\u00f3venes con intereses e inquietudes propias de su desarrollo, brind\u00e1ndoles a todos los alumnos, las herramientas necesarias a nivel cognitivo y socio cognitivo, que les permitan un adecuado aprendizaje en el \u00e1mbito social afectivo e intelectual, generando una opci\u00f3n educacional de calidad que les permita desarrollar habilidades y capacidades, formando parte de una sociedad como agente activos que realizan aportes significativos en su entorno inmediato y en la sociedad. Conduciendo su formaci\u00f3n por todos los niveles de la educaci\u00f3n chilena; Parvulario, B\u00e1sica, Media regular y T\u00e9cnico Profesional.<\/h4>\n<p>[\/vc_column_text][\/vc_column][\/vc_row][vc_row full_width=\u00bbstretch_row_content\u00bb content_placement=\u00bbmiddle\u00bb css=\u00bb.vc_custom_1511046827328{margin-bottom: 35px !important;padding-top: 35px !important;padding-right: 80px !important;padding-left: 80px !important;background-color: #b3b3b3 !important;}\u00bb][vc_column][vc_column_text]<\/p>\n<p style=\"text-align: justify;\"><a href=\"https:\/\/villaaconcagua.cl\/2.0\/wp-content\/uploads\/2024\/03\/PEI-2022.pdf\"><span style=\"color: #000000;\"><strong>OBJETIVOS ESPEC\u00cdFICOS:<\/strong><\/span><\/a><\/p>\n<ul>\n<li style=\"text-align: justify;\"><span style=\"color: #000000;\">Evaluar a trav\u00e9s de diferentes pruebas, el desarrollo del lenguaje y detectar las alternativas que presenten ni\u00f1os en edad preescolar y escolar.<\/span><\/li>\n<li style=\"text-align: justify;\"><span style=\"color: #000000;\">Agrupar a los ni\u00f1os en los diferentes niveles de acuerdo a su alteraci\u00f3n y edad cronol\u00f3gica.<\/span><\/li>\n<li style=\"text-align: justify;\"><span style=\"color: #000000;\">Desarrollar, estimular y afianzar la comprensi\u00f3n y expresi\u00f3n del Lenguaje oral y escrito a trav\u00e9s de un programa de ense\u00f1anza individual y grupal, dise\u00f1ado para cada nivel.<\/span><\/li>\n<li style=\"text-align: justify;\"><span style=\"color: #000000;\">Estimular y afianzar Funciones B\u00e1sicas que apunten a su desarrollo integral.<\/span><\/li>\n<li style=\"text-align: justify;\"><span style=\"color: #000000;\">Atender en forma individual a los ni\u00f1os con mayores dificultades y\/o derivarlos a tratamiento individual con el profesional correspondiente (Plan Complementario).<\/span><\/li>\n<li style=\"text-align: justify;\"><span style=\"color: #000000;\">Integrar y comprometer a los padres en el Tratamiento de sus hijos.<\/span><\/li>\n<li style=\"text-align: justify;\"><span style=\"color: #000000;\">Proyectar hacia la comunidad la labor del establecimiento por medio de diversas acciones concorde con los Objetivos Espec\u00edficos.<\/span><\/li>\n<li style=\"text-align: justify;\"><span style=\"color: #000000;\">Facilitar el perfeccionamiento del docente a trav\u00e9s de talleres, charlas, cursos y otros.<\/span><\/li>\n<li style=\"text-align: justify;\"><span style=\"color: #000000;\">Participar en actividades complementarias a la labor docente (Consejos administrativos, reuniones t\u00e9cnicas, reuniones cl\u00ednicas y otros)<\/span><\/li>\n<li style=\"text-align: justify;\"><span style=\"color: #000000;\">Formar a los alumnos de b\u00e1sica y media en los principios y valores deseados por la sociedad chilena y manifestada por las pol\u00edticas educacionales del Estado, de manera eficiente y de calidad \u00f3ptima.<\/span><\/li>\n<li style=\"text-align: justify;\"><span style=\"color: #000000;\">Entregar la formaci\u00f3n y capacitaci\u00f3n necesaria para lograr un alto nivel en el \u00e1rea t\u00e9cnico Profesional en la especialidad de Contabilidad del sector de Comercio.<\/span><\/li>\n<li style=\"text-align: justify;\"><span style=\"color: #000000;\">Preparar a los alumnos para su continuaci\u00f3n de estudios superiores y su proyecci\u00f3n como individuos.<\/span><\/li>\n<\/ul>\n<p>[\/vc_column_text][\/vc_column][\/vc_row]<\/p>\n<\/div>","protected":false},"excerpt":{"rendered":"<p>[vc_row full_width=\u00bbstretch_row_content\u00bb css=\u00bb.vc_custom_1511046268611{margin-top: -30px !important;}\u00bb][vc_column][vc_column_text][\/vc_column_text][\/vc_column][\/vc_row][vc_row][vc_column][vc_column_text] Proyecto Educativo Institucional (Extracto ) Nuestra Propuesta Educativa es ofrecer un enfoque educativo socio cognitivo que relaciona los planes y programas de estudio gubernamentales con la realidad sociocultural en la que se encuentran inmersos los alumnos, con el fin que sean agentes activos y efectivos dentro de su comuna. En [&hellip;]<\/p>\n","protected":false},"author":1,"featured_media":0,"parent":0,"menu_order":0,"comment_status":"closed","ping_status":"closed","template":"","meta":{"om_disable_all_campaigns":false,"_monsterinsights_skip_tracking":false,"_monsterinsights_sitenote_active":false,"_monsterinsights_sitenote_note":"","_monsterinsights_sitenote_category":0,"_uf_show_specific_survey":0,"_uf_disable_surveys":false,"jetpack_post_was_ever_published":false,"footnotes":""},"class_list":["post-63","page","type-page","status-publish","hentry"],"aioseo_notices":[],"jetpack_sharing_enabled":true,"jetpack-related-posts":[],"_links":{"self":[{"href":"https:\/\/villaaconcagua.cl\/2.0\/wp-json\/wp\/v2\/pages\/63","targetHints":{"allow":["GET"]}}],"collection":[{"href":"https:\/\/villaaconcagua.cl\/2.0\/wp-json\/wp\/v2\/pages"}],"about":[{"href":"https:\/\/villaaconcagua.cl\/2.0\/wp-json\/wp\/v2\/types\/page"}],"author":[{"embeddable":true,"href":"https:\/\/villaaconcagua.cl\/2.0\/wp-json\/wp\/v2\/users\/1"}],"replies":[{"embeddable":true,"href":"https:\/\/villaaconcagua.cl\/2.0\/wp-json\/wp\/v2\/comments?post=63"}],"version-history":[{"count":8,"href":"https:\/\/villaaconcagua.cl\/2.0\/wp-json\/wp\/v2\/pages\/63\/revisions"}],"predecessor-version":[{"id":347,"href":"https:\/\/villaaconcagua.cl\/2.0\/wp-json\/wp\/v2\/pages\/63\/revisions\/347"}],"wp:attachment":[{"href":"https:\/\/villaaconcagua.cl\/2.0\/wp-json\/wp\/v2\/media?parent=63"}],"curies":[{"name":"wp","href":"https:\/\/api.w.org\/{rel}","templated":true}]}}